{"id":31331,"date":"2021-03-30T14:16:23","date_gmt":"2021-03-30T13:16:23","guid":{"rendered":"https:\/\/www.atim.com\/actualites\/"},"modified":"2025-02-14T09:52:59","modified_gmt":"2025-02-14T08:52:59","slug":"news","status":"publish","type":"page","link":"https:\/\/www.atim.com\/en\/news\/","title":{"rendered":"Soci\u00e9t\u00e9 Actualit\u00e9s EN"},"content":{"rendered":"\t\t<div data-elementor-type=\"wp-page\" data-elementor-id=\"31331\" class=\"elementor elementor-31331 elementor-18471\" data-elementor-post-type=\"page\">\n\t\t\t\t\t\t<section class=\"elementor-section elementor-top-section elementor-element elementor-element-e6262fb elementor-section-full_width elementor-section-stretched elementor-section-height-default elementor-section-height-default wd-section-disabled\" data-id=\"e6262fb\" data-element_type=\"section\" data-e-type=\"section\" data-settings=\"{&quot;stretch_section&quot;:&quot;section-stretched&quot;,&quot;background_background&quot;:&quot;classic&quot;}\">\n\t\t\t\t\t\t\t<div class=\"elementor-background-overlay\"><\/div>\n\t\t\t\t\t\t\t<div class=\"elementor-container elementor-column-gap-default\">\n\t\t\t\t\t<div class=\"elementor-column elementor-col-100 elementor-top-column elementor-element elementor-element-744fc8d\" data-id=\"744fc8d\" data-element_type=\"column\" data-e-type=\"column\">\n\t\t\t<div class=\"elementor-widget-wrap elementor-element-populated\">\n\t\t\t\t\t\t<div class=\"elementor-element elementor-element-3426a54 elementor--h-position-center elementor--v-position-middle elementor-arrows-position-inside elementor-pagination-position-inside elementor-widget elementor-widget-slides\" data-id=\"3426a54\" data-element_type=\"widget\" data-e-type=\"widget\" data-settings=\"{&quot;navigation&quot;:&quot;both&quot;,&quot;autoplay&quot;:&quot;yes&quot;,&quot;pause_on_hover&quot;:&quot;yes&quot;,&quot;pause_on_interaction&quot;:&quot;yes&quot;,&quot;autoplay_speed&quot;:5000,&quot;infinite&quot;:&quot;yes&quot;,&quot;transition&quot;:&quot;slide&quot;,&quot;transition_speed&quot;:500}\" data-widget_type=\"slides.default\">\n\t\t\t\t<div class=\"elementor-widget-container\">\n\t\t\t\t\t\t\t\t\t<div class=\"elementor-swiper\">\n\t\t\t\t\t<div class=\"elementor-slides-wrapper elementor-main-swiper swiper\" role=\"region\" aria-roledescription=\"carousel\" aria-label=\"Slides\" dir=\"ltr\" data-animation=\"fadeInUp\">\n\t\t\t\t<div class=\"swiper-wrapper elementor-slides\">\n\t\t\t\t\t\t\t\t\t\t<div class=\"elementor-repeater-item-7290cea swiper-slide\" role=\"group\" aria-roledescription=\"slide\"><div class=\"swiper-slide-bg elementor-ken-burns elementor-ken-burns--in\" role=\"img\" aria-label=\"Mockup telephone_News2\"><\/div><div class=\"elementor-background-overlay\"><\/div><div class=\"swiper-slide-inner\" ><div class=\"swiper-slide-contents\"><div class=\"elementor-slide-heading\">News<\/div><\/div><\/div><\/div>\t\t\t\t<\/div>\n\t\t\t\t\t\t\t<\/div>\n\t\t\t\t<\/div>\n\t\t\t\t\t\t\t\t<\/div>\n\t\t\t\t<\/div>\n\t\t\t\t\t<\/div>\n\t\t<\/div>\n\t\t\t\t\t<\/div>\n\t\t<\/section>\n\t\t\t\t<section class=\"elementor-section elementor-top-section elementor-element elementor-element-3f1132e elementor-section-boxed elementor-section-height-default elementor-section-height-default wd-section-disabled\" data-id=\"3f1132e\" data-element_type=\"section\" data-e-type=\"section\">\n\t\t\t\t\t\t<div class=\"elementor-container elementor-column-gap-default\">\n\t\t\t\t\t<div class=\"elementor-column elementor-col-100 elementor-top-column elementor-element elementor-element-b2366a8\" data-id=\"b2366a8\" data-element_type=\"column\" data-e-type=\"column\">\n\t\t\t<div class=\"elementor-widget-wrap elementor-element-populated\">\n\t\t\t\t\t\t\t<\/div>\n\t\t<\/div>\n\t\t\t\t\t<\/div>\n\t\t<\/section>\n\t\t\t\t<\/div>\n\t\t","protected":false},"excerpt":{"rendered":"<p>News<\/p>\n","protected":false},"author":19,"featured_media":37894,"parent":0,"menu_order":0,"comment_status":"closed","ping_status":"closed","template":"","meta":{"_acf_changed":false,"inline_featured_image":false,"footnotes":""},"class_list":["post-31331","page","type-page","status-publish","has-post-thumbnail","hentry"],"acf":[],"yoast_head":"<!-- This site is optimized with the Yoast SEO plugin v27.4 - https:\/\/yoast.com\/product\/yoast-seo-wordpress\/ -->\n<title>News | ATIM<\/title>\n<meta name=\"description\" content=\"IoT and LPWAN technologies are constantly evolving, ATIM stays up to date with new developments, news, exhibitions, ...\" \/>\n<meta name=\"robots\" content=\"index, follow, max-snippet:-1, max-image-preview:large, max-video-preview:-1\" \/>\n<link rel=\"canonical\" href=\"https:\/\/www.atim.com\/en\/news\/\" \/>\n<meta property=\"og:locale\" content=\"en_US\" \/>\n<meta property=\"og:type\" content=\"article\" \/>\n<meta property=\"og:title\" content=\"News | ATIM\" \/>\n<meta property=\"og:description\" content=\"IoT and LPWAN technologies are constantly evolving, ATIM stays up to date with new developments, news, exhibitions, ...\" \/>\n<meta property=\"og:url\" content=\"https:\/\/www.atim.com\/en\/news\/\" \/>\n<meta property=\"og:site_name\" content=\"ATIM\" \/>\n<meta property=\"article:modified_time\" content=\"2025-02-14T08:52:59+00:00\" \/>\n<meta property=\"og:image\" content=\"https:\/\/www.atim.com\/wp-content\/uploads\/2022\/10\/news_novelties_articles_use_cases_applications_atim_iot_m2m_up_to_date-1.jpg\" \/>\n\t<meta property=\"og:image:width\" content=\"1920\" \/>\n\t<meta property=\"og:image:height\" content=\"800\" \/>\n\t<meta property=\"og:image:type\" content=\"image\/jpeg\" \/>\n<meta name=\"twitter:card\" content=\"summary_large_image\" \/>\n<meta name=\"twitter:site\" content=\"@ATIMRadio\" \/>\n<meta name=\"twitter:label1\" content=\"Est. reading time\" \/>\n\t<meta name=\"twitter:data1\" content=\"4 minutes\" \/>\n<script type=\"application\/ld+json\" class=\"yoast-schema-graph\">{\"@context\":\"https:\\\/\\\/schema.org\",\"@graph\":[{\"@type\":\"WebPage\",\"@id\":\"https:\\\/\\\/www.atim.com\\\/en\\\/news\\\/\",\"url\":\"https:\\\/\\\/www.atim.com\\\/en\\\/news\\\/\",\"name\":\"News | ATIM\",\"isPartOf\":{\"@id\":\"https:\\\/\\\/www.atim.com\\\/en\\\/#website\"},\"primaryImageOfPage\":{\"@id\":\"https:\\\/\\\/www.atim.com\\\/en\\\/news\\\/#primaryimage\"},\"image\":{\"@id\":\"https:\\\/\\\/www.atim.com\\\/en\\\/news\\\/#primaryimage\"},\"thumbnailUrl\":\"https:\\\/\\\/www.atim.com\\\/wp-content\\\/uploads\\\/2022\\\/10\\\/news_novelties_articles_use_cases_applications_atim_iot_m2m_up_to_date-1.jpg\",\"datePublished\":\"2021-03-30T13:16:23+00:00\",\"dateModified\":\"2025-02-14T08:52:59+00:00\",\"description\":\"IoT and LPWAN technologies are constantly evolving, ATIM stays up to date with new developments, news, exhibitions, ...\",\"breadcrumb\":{\"@id\":\"https:\\\/\\\/www.atim.com\\\/en\\\/news\\\/#breadcrumb\"},\"inLanguage\":\"en-US\",\"potentialAction\":[{\"@type\":\"ReadAction\",\"target\":[\"https:\\\/\\\/www.atim.com\\\/en\\\/news\\\/\"]}]},{\"@type\":\"ImageObject\",\"inLanguage\":\"en-US\",\"@id\":\"https:\\\/\\\/www.atim.com\\\/en\\\/news\\\/#primaryimage\",\"url\":\"https:\\\/\\\/www.atim.com\\\/wp-content\\\/uploads\\\/2022\\\/10\\\/news_novelties_articles_use_cases_applications_atim_iot_m2m_up_to_date-1.jpg\",\"contentUrl\":\"https:\\\/\\\/www.atim.com\\\/wp-content\\\/uploads\\\/2022\\\/10\\\/news_novelties_articles_use_cases_applications_atim_iot_m2m_up_to_date-1.jpg\",\"width\":1920,\"height\":800},{\"@type\":\"BreadcrumbList\",\"@id\":\"https:\\\/\\\/www.atim.com\\\/en\\\/news\\\/#breadcrumb\",\"itemListElement\":[{\"@type\":\"ListItem\",\"position\":1,\"name\":\"Accueil\",\"item\":\"https:\\\/\\\/www.atim.com\\\/\"},{\"@type\":\"ListItem\",\"position\":2,\"name\":\"Soci\u00e9t\u00e9 Actualit\u00e9s EN\"}]},{\"@type\":\"WebSite\",\"@id\":\"https:\\\/\\\/www.atim.com\\\/en\\\/#website\",\"url\":\"https:\\\/\\\/www.atim.com\\\/en\\\/\",\"name\":\"ATIM\",\"description\":\"ATIM connects everything\",\"publisher\":{\"@id\":\"https:\\\/\\\/www.atim.com\\\/en\\\/#organization\"},\"potentialAction\":[{\"@type\":\"SearchAction\",\"target\":{\"@type\":\"EntryPoint\",\"urlTemplate\":\"https:\\\/\\\/www.atim.com\\\/en\\\/?s={search_term_string}\"},\"query-input\":{\"@type\":\"PropertyValueSpecification\",\"valueRequired\":true,\"valueName\":\"search_term_string\"}}],\"inLanguage\":\"en-US\"},{\"@type\":\"Organization\",\"@id\":\"https:\\\/\\\/www.atim.com\\\/en\\\/#organization\",\"name\":\"ATIM Radiocomunication\",\"url\":\"https:\\\/\\\/www.atim.com\\\/en\\\/\",\"logo\":{\"@type\":\"ImageObject\",\"inLanguage\":\"en-US\",\"@id\":\"https:\\\/\\\/www.atim.com\\\/en\\\/#\\\/schema\\\/logo\\\/image\\\/\",\"url\":\"https:\\\/\\\/www.atim.com\\\/wp-content\\\/uploads\\\/2021\\\/06\\\/logo-atim-130.png\",\"contentUrl\":\"https:\\\/\\\/www.atim.com\\\/wp-content\\\/uploads\\\/2021\\\/06\\\/logo-atim-130.png\",\"width\":131,\"height\":84,\"caption\":\"ATIM Radiocomunication\"},\"image\":{\"@id\":\"https:\\\/\\\/www.atim.com\\\/en\\\/#\\\/schema\\\/logo\\\/image\\\/\"},\"sameAs\":[\"https:\\\/\\\/x.com\\\/ATIMRadio\",\"https:\\\/\\\/www.linkedin.com\\\/company\\\/atim-radiocommunications\\\/?viewAsMember=true\",\"https:\\\/\\\/www.youtube.com\\\/channel\\\/UCnpb2_Mt4vG2iBkyQX58Zxg\"]}]}<\/script>\n<!-- \/ Yoast SEO plugin. -->","yoast_head_json":{"title":"News | ATIM","description":"IoT and LPWAN technologies are constantly evolving, ATIM stays up to date with new developments, news, exhibitions, ...","robots":{"index":"index","follow":"follow","max-snippet":"max-snippet:-1","max-image-preview":"max-image-preview:large","max-video-preview":"max-video-preview:-1"},"canonical":"https:\/\/www.atim.com\/en\/news\/","og_locale":"en_US","og_type":"article","og_title":"News | ATIM","og_description":"IoT and LPWAN technologies are constantly evolving, ATIM stays up to date with new developments, news, exhibitions, ...","og_url":"https:\/\/www.atim.com\/en\/news\/","og_site_name":"ATIM","article_modified_time":"2025-02-14T08:52:59+00:00","og_image":[{"width":1920,"height":800,"url":"https:\/\/www.atim.com\/wp-content\/uploads\/2022\/10\/news_novelties_articles_use_cases_applications_atim_iot_m2m_up_to_date-1.jpg","type":"image\/jpeg"}],"twitter_card":"summary_large_image","twitter_site":"@ATIMRadio","twitter_misc":{"Est. reading time":"4 minutes"},"schema":{"@context":"https:\/\/schema.org","@graph":[{"@type":"WebPage","@id":"https:\/\/www.atim.com\/en\/news\/","url":"https:\/\/www.atim.com\/en\/news\/","name":"News | ATIM","isPartOf":{"@id":"https:\/\/www.atim.com\/en\/#website"},"primaryImageOfPage":{"@id":"https:\/\/www.atim.com\/en\/news\/#primaryimage"},"image":{"@id":"https:\/\/www.atim.com\/en\/news\/#primaryimage"},"thumbnailUrl":"https:\/\/www.atim.com\/wp-content\/uploads\/2022\/10\/news_novelties_articles_use_cases_applications_atim_iot_m2m_up_to_date-1.jpg","datePublished":"2021-03-30T13:16:23+00:00","dateModified":"2025-02-14T08:52:59+00:00","description":"IoT and LPWAN technologies are constantly evolving, ATIM stays up to date with new developments, news, exhibitions, ...","breadcrumb":{"@id":"https:\/\/www.atim.com\/en\/news\/#breadcrumb"},"inLanguage":"en-US","potentialAction":[{"@type":"ReadAction","target":["https:\/\/www.atim.com\/en\/news\/"]}]},{"@type":"ImageObject","inLanguage":"en-US","@id":"https:\/\/www.atim.com\/en\/news\/#primaryimage","url":"https:\/\/www.atim.com\/wp-content\/uploads\/2022\/10\/news_novelties_articles_use_cases_applications_atim_iot_m2m_up_to_date-1.jpg","contentUrl":"https:\/\/www.atim.com\/wp-content\/uploads\/2022\/10\/news_novelties_articles_use_cases_applications_atim_iot_m2m_up_to_date-1.jpg","width":1920,"height":800},{"@type":"BreadcrumbList","@id":"https:\/\/www.atim.com\/en\/news\/#breadcrumb","itemListElement":[{"@type":"ListItem","position":1,"name":"Accueil","item":"https:\/\/www.atim.com\/"},{"@type":"ListItem","position":2,"name":"Soci\u00e9t\u00e9 Actualit\u00e9s EN"}]},{"@type":"WebSite","@id":"https:\/\/www.atim.com\/en\/#website","url":"https:\/\/www.atim.com\/en\/","name":"ATIM","description":"ATIM connects everything","publisher":{"@id":"https:\/\/www.atim.com\/en\/#organization"},"potentialAction":[{"@type":"SearchAction","target":{"@type":"EntryPoint","urlTemplate":"https:\/\/www.atim.com\/en\/?s={search_term_string}"},"query-input":{"@type":"PropertyValueSpecification","valueRequired":true,"valueName":"search_term_string"}}],"inLanguage":"en-US"},{"@type":"Organization","@id":"https:\/\/www.atim.com\/en\/#organization","name":"ATIM Radiocomunication","url":"https:\/\/www.atim.com\/en\/","logo":{"@type":"ImageObject","inLanguage":"en-US","@id":"https:\/\/www.atim.com\/en\/#\/schema\/logo\/image\/","url":"https:\/\/www.atim.com\/wp-content\/uploads\/2021\/06\/logo-atim-130.png","contentUrl":"https:\/\/www.atim.com\/wp-content\/uploads\/2021\/06\/logo-atim-130.png","width":131,"height":84,"caption":"ATIM Radiocomunication"},"image":{"@id":"https:\/\/www.atim.com\/en\/#\/schema\/logo\/image\/"},"sameAs":["https:\/\/x.com\/ATIMRadio","https:\/\/www.linkedin.com\/company\/atim-radiocommunications\/?viewAsMember=true","https:\/\/www.youtube.com\/channel\/UCnpb2_Mt4vG2iBkyQX58Zxg"]}]}},"_links":{"self":[{"href":"https:\/\/www.atim.com\/en\/wp-json\/wp\/v2\/pages\/31331","targetHints":{"allow":["GET"]}}],"collection":[{"href":"https:\/\/www.atim.com\/en\/wp-json\/wp\/v2\/pages"}],"about":[{"href":"https:\/\/www.atim.com\/en\/wp-json\/wp\/v2\/types\/page"}],"author":[{"embeddable":true,"href":"https:\/\/www.atim.com\/en\/wp-json\/wp\/v2\/users\/19"}],"replies":[{"embeddable":true,"href":"https:\/\/www.atim.com\/en\/wp-json\/wp\/v2\/comments?post=31331"}],"version-history":[{"count":6,"href":"https:\/\/www.atim.com\/en\/wp-json\/wp\/v2\/pages\/31331\/revisions"}],"predecessor-version":[{"id":44488,"href":"https:\/\/www.atim.com\/en\/wp-json\/wp\/v2\/pages\/31331\/revisions\/44488"}],"wp:featuredmedia":[{"embeddable":true,"href":"https:\/\/www.atim.com\/en\/wp-json\/wp\/v2\/media\/37894"}],"wp:attachment":[{"href":"https:\/\/www.atim.com\/en\/wp-json\/wp\/v2\/media?parent=31331"}],"curies":[{"name":"wp","href":"https:\/\/api.w.org\/{rel}","templated":true}]}}